{"id":51,"date":"2018-05-24T11:19:52","date_gmt":"2018-05-24T11:19:52","guid":{"rendered":"http:\/\/demo.athemes.com\/sydney-temp\/?page_id=4"},"modified":"2019-05-31T18:28:36","modified_gmt":"2019-05-31T18:28:36","slug":"my-front-page","status":"publish","type":"page","link":"https:\/\/www.pavelcernosekart.cz\/","title":{"rendered":"My front page"},"content":{"rendered":"\t\t<div data-elementor-type=\"post\" data-elementor-id=\"51\" class=\"elementor elementor-51\" data-elementor-settings=\"[]\">\n\t\t\t<div class=\"elementor-inner\">\n\t\t\t\t<div class=\"elementor-section-wrap\">\n\t\t\t\t\t\t\t<section class=\"elementor-element elementor-element-52ce51f elementor-section-content-middle elementor-section-boxed elementor-section-height-default elementor-section-height-default elementor-section elementor-top-section\" data-id=\"52ce51f\" data-element_type=\"section\" data-settings=\"{&quot;background_background&quot;:&quot;classic&quot;}\">\n\t\t\t\t\t\t<div class=\"elementor-container elementor-column-gap-extended\">\n\t\t\t\t<div class=\"elementor-row\">\n\t\t\t\t<div class=\"elementor-element elementor-element-66c535a elementor-column elementor-col-50 elementor-top-column\" data-id=\"66c535a\" data-element_type=\"column\">\n\t\t\t<div class=\"elementor-column-wrap  elementor-element-populated\">\n\t\t\t\t\t<div class=\"elementor-widget-wrap\">\n\t\t\t\t<div class=\"elementor-element elementor-element-cbb98ff elementor-widget elementor-widget-heading\" data-id=\"cbb98ff\" data-element_type=\"widget\" data-widget_type=\"heading.default\">\n\t\t\t\t<div class=\"elementor-widget-container\">\n\t\t\t<h3 class=\"elementor-heading-title elementor-size-default\">Pavel \u010derno\u0161ek - 1971<\/h3>\t\t<\/div>\n\t\t\t\t<\/div>\n\t\t\t\t<div class=\"elementor-element elementor-element-147a7d7 elementor-widget elementor-widget-text-editor\" data-id=\"147a7d7\" data-element_type=\"widget\" data-widget_type=\"text-editor.default\">\n\t\t\t\t<div class=\"elementor-widget-container\">\n\t\t\t\t\t<div class=\"elementor-text-editor elementor-clearfix\"><p class=\"MsoNormal\"><span style=\"font-size: 10.0pt; line-height: 115%; font-family: 'Arial',sans-serif;\">Narodil jsem se v malebn\u00e9 krajin\u011b podh\u016f\u0159\u00ed Jesen\u00edk\u016f, \u017eiji a tvo\u0159\u00edm v B\u0159idli\u010dn\u00e9. Malov\u00e1n\u00ed nebo kreslen\u00ed se v\u011bnuji u\u017e od d\u011btstv\u00ed a prov\u00e1z\u00ed m\u011b prakticky cel\u00fd \u017eivot. Jsem autodidakt a jedin\u00fdm um\u011bleck\u00fdm vzd\u011bl\u00e1n\u00edm jsou mi dva roky Z\u00e1kladn\u00ed um\u011bleck\u00e9 \u0161koly. Sv\u00e9 dovednosti v\u00a0oblasti malby jsem piloval v\u00a0ateli\u00e9rech hradi\u0161\u0165sk\u00e9ho mal\u00ed\u0159e Jana Hladk\u00e9ho a \u201ena\u0161eho\u201c Josefa \u0160kubny (mal\u00ed\u0159e z\u00a0B\u0159idli\u010dn\u00e9). \u00da\u010dastnil jsem se krajin\u00e1\u0159sk\u00e9 \u0161koly akademick\u00e9ho mal\u00ed\u0159e Milana Peri\u010de, kterou po\u0159\u00e1dala N\u00e1rodn\u00ed gal\u00e9rie. <\/span><\/p><p class=\"MsoNormal\"><span style=\"font-size: 10.0pt; line-height: 115%; font-family: 'Arial',sans-serif;\">Snad pr\u00e1v\u011b proto, \u017ee poch\u00e1z\u00edm z m\u011bste\u010dka v p\u0159ekr\u00e1sn\u00e9 jesenick\u00e9 krajin\u011b, se nejv\u00edce ve sv\u00e9 tvorb\u011b v\u011bnuji pr\u00e1v\u011b malb\u011b krajiny. Zas a znovu se sna\u017e\u00edm zachytit tu prom\u011bnlivou kr\u00e1su, kter\u00e1 n\u00e1s obklopuje. M\u00e1m r\u00e1d v\u00a0krajin\u011b tu hru tvar\u016f, barev a sv\u011btel. Ale nemaluji jen krajinu, r\u00e1d se pust\u00edm i do z\u00e1ti\u0161\u00ed nebo m\u011bstsk\u00e9 scen\u00e9rie (nap\u0159\u00edklad star\u00e1 Praha, Olomouc nebo Ben\u00e1tky).<\/span><\/p><p class=\"MsoNormal\"><span style=\"font-size: 10.0pt; line-height: 115%; font-family: 'Arial',sans-serif;\">Od roku 2006 jsem se \u00fa\u010dastnil \u0159ady spole\u010dn\u00fdch i samostatn\u00fdch v\u00fdstav po cel\u00e9 republice (Zl\u00edn, Ostrava, Olomouc, Hole\u0161ov, Plze\u0148, P\u0159erov, Doudleby nad Orlic\u00ed, D\u0159evohostice, Bzenec, Kot\u011b\u0161ov\u00e1, \u017dilina, Star\u00e1 Tur\u00e1). Dvakr\u00e1t jsem byl vyhl\u00e1\u0161en v\u00fdtvarn\u00edkem Bzeneck\u00e9ho sal\u00f3nu amat\u00e9rsk\u00fdch v\u00fdtvarn\u00edk\u016f, kter\u00e9ho se \u00fa\u010dastnily dv\u011b des\u00edtky v\u00fdtvarn\u00edk\u016f z\u00a0\u010cech, Moravy a Slovenska.<\/span><\/p><\/div>\n\t\t\t\t<\/div>\n\t\t\t\t<\/div>\n\t\t\t\t\t\t<\/div>\n\t\t\t<\/div>\n\t\t<\/div>\n\t\t\t\t<div class=\"elementor-element elementor-element-41f64fa elementor-column elementor-col-50 elementor-top-column\" data-id=\"41f64fa\" data-element_type=\"column\">\n\t\t\t<div class=\"elementor-column-wrap  elementor-element-populated\">\n\t\t\t\t\t<div class=\"elementor-widget-wrap\">\n\t\t\t\t<div class=\"elementor-element elementor-element-4667410 elementor-widget elementor-widget-image\" data-id=\"4667410\" data-element_type=\"widget\" data-widget_type=\"image.default\">\n\t\t\t\t<div class=\"elementor-widget-container\">\n\t\t\t\t\t<div class=\"elementor-image\">\n\t\t\t\t\t\t\t\t\t\t<img loading=\"lazy\" decoding=\"async\" width=\"1024\" height=\"1024\" src=\"https:\/\/www.pavelcernosekart.cz\/wp-content\/uploads\/2018\/05\/\u00daVODN\u00cd-O-M\u011a.jpg\" class=\"attachment-large size-large\" alt=\"\" srcset=\"https:\/\/www.pavelcernosekart.cz\/wp-content\/uploads\/2018\/05\/\u00daVODN\u00cd-O-M\u011a.jpg 1024w, https:\/\/www.pavelcernosekart.cz\/wp-content\/uploads\/2018\/05\/\u00daVODN\u00cd-O-M\u011a-150x150.jpg 150w, https:\/\/www.pavelcernosekart.cz\/wp-content\/uploads\/2018\/05\/\u00daVODN\u00cd-O-M\u011a-300x300.jpg 300w, https:\/\/www.pavelcernosekart.cz\/wp-content\/uploads\/2018\/05\/\u00daVODN\u00cd-O-M\u011a-768x768.jpg 768w, https:\/\/www.pavelcernosekart.cz\/wp-content\/uploads\/2018\/05\/\u00daVODN\u00cd-O-M\u011a-830x830.jpg 830w, https:\/\/www.pavelcernosekart.cz\/wp-content\/uploads\/2018\/05\/\u00daVODN\u00cd-O-M\u011a-230x230.jpg 230w, https:\/\/www.pavelcernosekart.cz\/wp-content\/uploads\/2018\/05\/\u00daVODN\u00cd-O-M\u011a-350x350.jpg 350w, https:\/\/www.pavelcernosekart.cz\/wp-content\/uploads\/2018\/05\/\u00daVODN\u00cd-O-M\u011a-480x480.jpg 480w\" sizes=\"auto, (max-width: 1024px) 100vw, 1024px\" \/>\t\t\t\t\t\t\t\t\t\t\t<\/div>\n\t\t\t\t<\/div>\n\t\t\t\t<\/div>\n\t\t\t\t\t\t<\/div>\n\t\t\t<\/div>\n\t\t<\/div>\n\t\t\t\t\t\t<\/div>\n\t\t\t<\/div>\n\t\t<\/section>\n\t\t\t\t<section class=\"elementor-element elementor-element-d01267b elementor-section-boxed elementor-section-height-default elementor-section-height-default elementor-section elementor-top-section\" data-id=\"d01267b\" data-element_type=\"section\" data-settings=\"{&quot;background_background&quot;:&quot;classic&quot;}\">\n\t\t\t\t\t\t\t<div class=\"elementor-background-overlay\"><\/div>\n\t\t\t\t\t\t\t<div class=\"elementor-container elementor-column-gap-default\">\n\t\t\t\t<div class=\"elementor-row\">\n\t\t\t\t<div class=\"elementor-element elementor-element-00662b3 elementor-column elementor-col-100 elementor-top-column\" data-id=\"00662b3\" data-element_type=\"column\">\n\t\t\t<div class=\"elementor-column-wrap  elementor-element-populated\">\n\t\t\t\t\t<div class=\"elementor-widget-wrap\">\n\t\t\t\t<div class=\"elementor-element elementor-element-6806ad7 elementor-widget elementor-widget-heading\" data-id=\"6806ad7\" data-element_type=\"widget\" data-widget_type=\"heading.default\">\n\t\t\t\t<div class=\"elementor-widget-container\">\n\t\t\t<h3 class=\"elementor-heading-title elementor-size-default\">EN<\/h3>\t\t<\/div>\n\t\t\t\t<\/div>\n\t\t\t\t<div class=\"elementor-element elementor-element-349b98b elementor-widget elementor-widget-text-editor\" data-id=\"349b98b\" data-element_type=\"widget\" data-widget_type=\"text-editor.default\">\n\t\t\t\t<div class=\"elementor-widget-container\">\n\t\t\t\t\t<div class=\"elementor-text-editor elementor-clearfix\"><p class=\"MsoNormal\" style=\"text-align: justify;\"><span lang=\"EN-US\" style=\"font-size: 10.0pt; line-height: 115%; font-family: 'Arial',sans-serif; mso-ansi-language: EN-US;\">Pavel was born in the beautiful landscape of Jesen\u00edky Mountains. He lives and draws in small city in Czech Republic, in B\u0159idli\u010dn\u00e1. He has been drawning since childhood and it has been a part of his whole life. His artistic education is only 2 years in the Primary Artistic School. His skills has improved in the ateliers of the draw artists Jan Hladk\u00fd and Josef \u0160kubna. He has participated in the course of landscape drawings of academic artist Milan Peri\u010d that has been organized by National Galery.<\/span><\/p><p class=\"MsoNormal\" style=\"text-align: justify;\"><span lang=\"EN-US\" style=\"font-size: 10.0pt; line-height: 115%; font-family: 'Arial',sans-serif; mso-ansi-language: EN-US;\">Because he comes from the little town in such a beautiful landscape, maybe it is the reason why he prefers to drawn landscapes. He still tries to catch the variable beauty that is around him again and again. He likes the game of the shapes, colors and lights. Not only landscape drawing is what he do. But he does not drawn only landscapes, we can find also the still life or town scenes (like old Prague or Olomouc or Venice) in his creation. <\/span><\/p><p class=\"MsoNormal\"><span lang=\"EN-US\" style=\"font-size: 10.0pt; line-height: 115%; font-family: 'Arial',sans-serif; mso-ansi-language: EN-US;\">Since 2006 he has participated in a number of collective as well as individual exhibitions in Czech Republic and Slovakia (Zl\u00edn, Ostrava, Olomouc, Hole\u0161ov, Plze\u0148, P\u0159erov, Doudleby nad Orlic\u00ed, D\u0159evohostice, Bzenec, Kot\u011b\u0161ov\u00e1, \u017dilina, Star\u00e1 Tur\u00e1). He has been awarded twice as an artist of the Bzenec saloon of amateur artist, where more than 20 artists took part.<\/span><\/p><\/div>\n\t\t\t\t<\/div>\n\t\t\t\t<\/div>\n\t\t\t\t\t\t<\/div>\n\t\t\t<\/div>\n\t\t<\/div>\n\t\t\t\t\t\t<\/div>\n\t\t\t<\/div>\n\t\t<\/section>\n\t\t\t\t<section class=\"elementor-element elementor-element-731e5d96 elementor-section-boxed elementor-section-height-default elementor-section-height-default elementor-section elementor-top-section\" data-id=\"731e5d96\" data-element_type=\"section\" data-settings=\"{&quot;background_background&quot;:&quot;classic&quot;}\">\n\t\t\t\t\t\t\t<div class=\"elementor-background-overlay\"><\/div>\n\t\t\t\t\t\t\t<div class=\"elementor-container elementor-column-gap-default\">\n\t\t\t\t<div class=\"elementor-row\">\n\t\t\t\t<div class=\"elementor-element elementor-element-32eed377 elementor-column elementor-col-100 elementor-top-column\" data-id=\"32eed377\" data-element_type=\"column\">\n\t\t\t<div class=\"elementor-column-wrap  elementor-element-populated\">\n\t\t\t\t\t<div class=\"elementor-widget-wrap\">\n\t\t\t\t<div class=\"elementor-element elementor-element-2d66f97d elementor-widget elementor-widget-heading\" data-id=\"2d66f97d\" data-element_type=\"widget\" data-widget_type=\"heading.default\">\n\t\t\t\t<div class=\"elementor-widget-container\">\n\t\t\t<h3 class=\"elementor-heading-title elementor-size-default\">moje tvorba<\/h3>\t\t<\/div>\n\t\t\t\t<\/div>\n\t\t\t\t<div class=\"elementor-element elementor-element-d70e588 elementor-align-center elementor-widget elementor-widget-button\" data-id=\"d70e588\" data-element_type=\"widget\" data-widget_type=\"button.default\">\n\t\t\t\t<div class=\"elementor-widget-container\">\n\t\t\t\t\t<div class=\"elementor-button-wrapper\">\n\t\t\t<a href=\"http:\/\/www.pavelcernosekart.cz\/index.php\/obrazy\/\" class=\"elementor-button-link elementor-button elementor-size-sm\" role=\"button\">\n\t\t\t\t\t\t<span class=\"elementor-button-content-wrapper\">\n\t\t\t\t\t\t<span class=\"elementor-button-text\">VSTUP DO GALERIE<\/span>\n\t\t<\/span>\n\t\t\t\t\t<\/a>\n\t\t<\/div>\n\t\t\t\t<\/div>\n\t\t\t\t<\/div>\n\t\t\t\t<div class=\"elementor-element elementor-element-51f0272d elementor-widget elementor-widget-divider\" data-id=\"51f0272d\" data-element_type=\"widget\" data-widget_type=\"divider.default\">\n\t\t\t\t<div class=\"elementor-widget-container\">\n\t\t\t\t\t<div class=\"elementor-divider\">\n\t\t\t<span class=\"elementor-divider-separator\"><\/span>\n\t\t<\/div>\n\t\t\t\t<\/div>\n\t\t\t\t<\/div>\n\t\t\t\t\t\t<\/div>\n\t\t\t<\/div>\n\t\t<\/div>\n\t\t\t\t\t\t<\/div>\n\t\t\t<\/div>\n\t\t<\/section>\n\t\t\t\t<section class=\"elementor-element elementor-element-6af86639 elementor-section-boxed elementor-section-height-default elementor-section-height-default elementor-section elementor-top-section\" data-id=\"6af86639\" data-element_type=\"section\" data-settings=\"{&quot;background_background&quot;:&quot;classic&quot;}\">\n\t\t\t\t\t\t<div class=\"elementor-container elementor-column-gap-default\">\n\t\t\t\t<div class=\"elementor-row\">\n\t\t\t\t<div class=\"elementor-element elementor-element-7c43a80e elementor-column elementor-col-100 elementor-top-column\" data-id=\"7c43a80e\" data-element_type=\"column\">\n\t\t\t<div class=\"elementor-column-wrap  elementor-element-populated\">\n\t\t\t\t\t<div class=\"elementor-widget-wrap\">\n\t\t\t\t<div class=\"elementor-element elementor-element-4c271b4 elementor-shape-circle sydney-social-row elementor-widget elementor-widget-social-icons\" data-id=\"4c271b4\" data-element_type=\"widget\" data-widget_type=\"social-icons.default\">\n\t\t\t\t<div class=\"elementor-widget-container\">\n\t\t\t\t\t<div class=\"elementor-social-icons-wrapper\">\n\t\t\t\t\t\t\t<a class=\"elementor-icon elementor-social-icon elementor-social-icon-facebook\" href=\"https:\/\/www.facebook.com\/pavel.cernosek.painter\/\" target=\"_blank\">\n\t\t\t\t\t<span class=\"elementor-screen-only\">Facebook<\/span>\n\t\t\t\t\t<i class=\"fa fa-facebook\"><\/i>\n\t\t\t\t<\/a>\n\t\t\t\t\t\t\t<a class=\"elementor-icon elementor-social-icon elementor-social-icon-instagram\" href=\"https:\/\/www.instagram.com\/cernosekpavelpainter\/\" target=\"_blank\">\n\t\t\t\t\t<span class=\"elementor-screen-only\">Instagram<\/span>\n\t\t\t\t\t<i class=\"fa fa-instagram\"><\/i>\n\t\t\t\t<\/a>\n\t\t\t\t\t<\/div>\n\t\t\t\t<\/div>\n\t\t\t\t<\/div>\n\t\t\t\t\t\t<\/div>\n\t\t\t<\/div>\n\t\t<\/div>\n\t\t\t\t\t\t<\/div>\n\t\t\t<\/div>\n\t\t<\/section>\n\t\t\t\t\t\t<\/div>\n\t\t\t<\/div>\n\t\t<\/div>\n\t\t","protected":false},"excerpt":{"rendered":"<p>Pavel \u010derno\u0161ek &#8211; 1971 Narodil jsem se v malebn\u00e9 krajin\u011b podh\u016f\u0159\u00ed Jesen\u00edk\u016f, \u017eiji a tvo\u0159\u00edm v B\u0159idli\u010dn\u00e9. Malov\u00e1n\u00ed nebo kreslen\u00ed se v\u011bnuji u\u017e od d\u011btstv\u00ed a prov\u00e1z\u00ed m\u011b prakticky cel\u00fd \u017eivot. Jsem autodidakt a jedin\u00fdm um\u011bleck\u00fdm vzd\u011bl\u00e1n\u00edm jsou mi dva roky Z\u00e1kladn\u00ed um\u011bleck\u00e9 \u0161koly. Sv\u00e9 dovednosti v\u00a0oblasti malby jsem piloval v\u00a0ateli\u00e9rech hradi\u0161\u0165sk\u00e9ho mal\u00ed\u0159e Jana Hladk\u00e9ho [&hellip;]<\/p>\n","protected":false},"author":1,"featured_media":0,"parent":0,"menu_order":0,"comment_status":"closed","ping_status":"closed","template":"page-templates\/page_front-page.php","meta":{"footnotes":""},"class_list":["post-51","page","type-page","status-publish","hentry"],"_links":{"self":[{"href":"https:\/\/www.pavelcernosekart.cz\/index.php\/wp-json\/wp\/v2\/pages\/51","targetHints":{"allow":["GET"]}}],"collection":[{"href":"https:\/\/www.pavelcernosekart.cz\/index.php\/wp-json\/wp\/v2\/pages"}],"about":[{"href":"https:\/\/www.pavelcernosekart.cz\/index.php\/wp-json\/wp\/v2\/types\/page"}],"author":[{"embeddable":true,"href":"https:\/\/www.pavelcernosekart.cz\/index.php\/wp-json\/wp\/v2\/users\/1"}],"replies":[{"embeddable":true,"href":"https:\/\/www.pavelcernosekart.cz\/index.php\/wp-json\/wp\/v2\/comments?post=51"}],"version-history":[{"count":22,"href":"https:\/\/www.pavelcernosekart.cz\/index.php\/wp-json\/wp\/v2\/pages\/51\/revisions"}],"predecessor-version":[{"id":433,"href":"https:\/\/www.pavelcernosekart.cz\/index.php\/wp-json\/wp\/v2\/pages\/51\/revisions\/433"}],"wp:attachment":[{"href":"https:\/\/www.pavelcernosekart.cz\/index.php\/wp-json\/wp\/v2\/media?parent=51"}],"curies":[{"name":"wp","href":"https:\/\/api.w.org\/{rel}","templated":true}]}}