{"id":190,"date":"2019-04-06T14:21:57","date_gmt":"2019-04-06T14:21:57","guid":{"rendered":"http:\/\/www.pavelcernosekart.cz\/?page_id=190"},"modified":"2019-04-06T18:06:20","modified_gmt":"2019-04-06T18:06:20","slug":"kontakt","status":"publish","type":"page","link":"https:\/\/www.pavelcernosekart.cz\/index.php\/kontakt\/","title":{"rendered":"kontakt"},"content":{"rendered":"\t\t<div data-elementor-type=\"post\" data-elementor-id=\"190\" class=\"elementor elementor-190\" data-elementor-settings=\"[]\">\n\t\t\t<div class=\"elementor-inner\">\n\t\t\t\t<div class=\"elementor-section-wrap\">\n\t\t\t\t\t\t\t<section class=\"elementor-element elementor-element-111cdb6 elementor-section-boxed elementor-section-height-default elementor-section-height-default elementor-section elementor-top-section\" data-id=\"111cdb6\" data-element_type=\"section\">\n\t\t\t\t\t\t<div class=\"elementor-container elementor-column-gap-default\">\n\t\t\t\t<div class=\"elementor-row\">\n\t\t\t\t<div class=\"elementor-element elementor-element-1346235 elementor-column elementor-col-100 elementor-top-column\" data-id=\"1346235\" data-element_type=\"column\">\n\t\t\t<div class=\"elementor-column-wrap  elementor-element-populated\">\n\t\t\t\t\t<div class=\"elementor-widget-wrap\">\n\t\t\t\t<div class=\"elementor-element elementor-element-e3ea5fc elementor-widget elementor-widget-heading\" data-id=\"e3ea5fc\" data-element_type=\"widget\" data-widget_type=\"heading.default\">\n\t\t\t\t<div class=\"elementor-widget-container\">\n\t\t\t<h2 class=\"elementor-heading-title elementor-size-default\"><p class=\"MsoTitle\" align=\"center\" style=\"text-align:center\"><b><span style=\"font-size:36.0pt;mso-bidi-font-size:28.0pt;font-family:\n&quot;Arial&quot;,sans-serif\">Kontakt \/ contact<o:p><\/o:p><\/span><\/b><\/p><\/h2>\t\t<\/div>\n\t\t\t\t<\/div>\n\t\t\t\t<section class=\"elementor-element elementor-element-43b0da6 elementor-section-boxed elementor-section-height-default elementor-section-height-default elementor-section elementor-inner-section\" data-id=\"43b0da6\" data-element_type=\"section\">\n\t\t\t\t\t\t<div class=\"elementor-container elementor-column-gap-default\">\n\t\t\t\t<div class=\"elementor-row\">\n\t\t\t\t<div class=\"elementor-element elementor-element-202d034 elementor-column elementor-col-50 elementor-inner-column\" data-id=\"202d034\" data-element_type=\"column\">\n\t\t\t<div class=\"elementor-column-wrap  elementor-element-populated\">\n\t\t\t\t\t<div class=\"elementor-widget-wrap\">\n\t\t\t\t<div class=\"elementor-element elementor-element-cda667f elementor-widget elementor-widget-text-editor\" data-id=\"cda667f\" data-element_type=\"widget\" data-widget_type=\"text-editor.default\">\n\t\t\t\t<div class=\"elementor-widget-container\">\n\t\t\t\t\t<div class=\"elementor-text-editor elementor-clearfix\"><p class=\"MsoNormal\"><span style=\"font-size: 16pt;\"><span style=\"font-weight: 600;\"><span style=\"line-height: 22.8267px; font-family: Calibri, sans-serif;\">Pavel \u010cerno\u0161ek<\/span><\/span><\/span><\/p><h6 class=\"MsoNoSpacing\"><span style=\"font-weight: 600;\"><span style=\"font-size: 16pt; font-family: Calibri, sans-serif;\">Osovobozen\u00ed 248,<\/span><\/span><\/h6><h6 class=\"MsoNoSpacing\"><span style=\"font-weight: 600;\"><span style=\"font-size: 16pt; font-family: Calibri, sans-serif;\">B\u0159idli\u010dn\u00e1 793 51<\/span><\/span><\/h6><h6 class=\"MsoNoSpacing\"><span style=\"font-weight: 600;\"><span style=\"font-size: 16pt; font-family: Calibri, sans-serif;\">Czech Republic<\/span><\/span><\/h6><p class=\"MsoNoSpacing\"><span class=\"MsoHyperlink\"><span style=\"font-size: 16pt;\"><a href=\"mailto:malba.obrazu@email.cz\">malba.obrazu@email.cz<\/a><\/span><\/span><\/p><p class=\"MsoNoSpacing\"><span style=\"font-weight: 600;\"><span style=\"font-size: 16pt; font-family: Calibri, sans-serif;\">Tel.: +420\u00a0605\u00a0011\u00a0946<\/span><\/span><\/p><\/div>\n\t\t\t\t<\/div>\n\t\t\t\t<\/div>\n\t\t\t\t\t\t<\/div>\n\t\t\t<\/div>\n\t\t<\/div>\n\t\t\t\t<div class=\"elementor-element elementor-element-10f042e elementor-column elementor-col-50 elementor-inner-column\" data-id=\"10f042e\" data-element_type=\"column\">\n\t\t\t<div class=\"elementor-column-wrap  elementor-element-populated\">\n\t\t\t\t\t<div class=\"elementor-widget-wrap\">\n\t\t\t\t<div class=\"elementor-element elementor-element-f49b325 elementor-widget elementor-widget-text-editor\" data-id=\"f49b325\" data-element_type=\"widget\" data-widget_type=\"text-editor.default\">\n\t\t\t\t<div class=\"elementor-widget-container\">\n\t\t\t\t\t<div class=\"elementor-text-editor elementor-clearfix\"><p><span style=\"font-weight: bold; font-family: Calibri, sans-serif; font-size: 21.3333px;\"><div role=\"form\" class=\"wpcf7\" id=\"wpcf7-f221-o1\" lang=\"cs-CZ\" dir=\"ltr\">\n<div class=\"screen-reader-response\"><\/div>\n<form action=\"\/index.php\/wp-json\/wp\/v2\/pages\/190#wpcf7-f221-o1\" method=\"post\" class=\"wpcf7-form\" novalidate=\"novalidate\">\n<div style=\"display: none;\">\n<input type=\"hidden\" name=\"_wpcf7\" value=\"221\" \/>\n<input type=\"hidden\" name=\"_wpcf7_version\" value=\"5.1.1\" \/>\n<input type=\"hidden\" name=\"_wpcf7_locale\" value=\"cs_CZ\" \/>\n<input type=\"hidden\" name=\"_wpcf7_unit_tag\" value=\"wpcf7-f221-o1\" \/>\n<input type=\"hidden\" name=\"_wpcf7_container_post\" value=\"0\" \/>\n<input type=\"hidden\" name=\"g-recaptcha-response\" value=\"\" \/>\n<\/div>\n<p><label> Va\u0161e jm\u00e9no (vy\u017eadov\u00e1no)<br \/>\n    <span class=\"wpcf7-form-control-wrap your-name\"><input type=\"text\" name=\"your-name\" value=\"\" size=\"40\" class=\"wpcf7-form-control wpcf7-text wpcf7-validates-as-required\" aria-required=\"true\" aria-invalid=\"false\" \/><\/span> <\/label><\/p>\n<p><label> V\u00e1\u0161 e-mail (vy\u017eadov\u00e1no)<br \/>\n    <span class=\"wpcf7-form-control-wrap your-email\"><input type=\"email\" name=\"your-email\" value=\"\" size=\"40\" class=\"wpcf7-form-control wpcf7-text wpcf7-email wpcf7-validates-as-required wpcf7-validates-as-email\" aria-required=\"true\" aria-invalid=\"false\" \/><\/span> <\/label><\/p>\n<p><label> P\u0159edm\u011bt<br \/>\n    <span class=\"wpcf7-form-control-wrap your-subject\"><input type=\"text\" name=\"your-subject\" value=\"\" size=\"40\" class=\"wpcf7-form-control wpcf7-text\" aria-invalid=\"false\" \/><\/span> <\/label><\/p>\n<p><label> Va\u0161e zpr\u00e1va<br \/>\n    <span class=\"wpcf7-form-control-wrap your-message\"><textarea name=\"your-message\" cols=\"40\" rows=\"10\" class=\"wpcf7-form-control wpcf7-textarea\" aria-invalid=\"false\"><\/textarea><\/span> <\/label><\/p>\n<p><input type=\"submit\" value=\"Odeslat\" class=\"wpcf7-form-control wpcf7-submit\" \/><\/p>\n<p style=\"display: none !important;\" class=\"akismet-fields-container\" data-prefix=\"_wpcf7_ak_\"><label>&#916;<textarea name=\"_wpcf7_ak_hp_textarea\" cols=\"45\" rows=\"8\" maxlength=\"100\"><\/textarea><\/label><input type=\"hidden\" id=\"ak_js_1\" name=\"_wpcf7_ak_js\" value=\"123\"\/><script type=\"text\/javascript\">\n\/* <![CDATA[ *\/\ndocument.getElementById( \"ak_js_1\" ).setAttribute( \"value\", ( new Date() ).getTime() );\n\/* ]]> *\/\n<\/script>\n<\/p><div class=\"wpcf7-response-output wpcf7-display-none\"><\/div><\/form><\/div><\/span><\/p><\/div>\n\t\t\t\t<\/div>\n\t\t\t\t<\/div>\n\t\t\t\t\t\t<\/div>\n\t\t\t<\/div>\n\t\t<\/div>\n\t\t\t\t\t\t<\/div>\n\t\t\t<\/div>\n\t\t<\/section>\n\t\t\t\t\t\t<\/div>\n\t\t\t<\/div>\n\t\t<\/div>\n\t\t\t\t\t\t<\/div>\n\t\t\t<\/div>\n\t\t<\/section>\n\t\t\t\t\t\t<\/div>\n\t\t\t<\/div>\n\t\t<\/div>\n\t\t","protected":false},"excerpt":{"rendered":"<p>Kontakt \/ contact Pavel \u010cerno\u0161ek Osovobozen\u00ed 248, B\u0159idli\u010dn\u00e1 793 51 Czech Republic malba.obrazu@email.cz Tel.: +420\u00a0605\u00a0011\u00a0946<\/p>\n","protected":false},"author":1,"featured_media":0,"parent":0,"menu_order":0,"comment_status":"closed","ping_status":"closed","template":"elementor_header_footer","meta":{"footnotes":""},"class_list":["post-190","page","type-page","status-publish","hentry"],"_links":{"self":[{"href":"https:\/\/www.pavelcernosekart.cz\/index.php\/wp-json\/wp\/v2\/pages\/190","targetHints":{"allow":["GET"]}}],"collection":[{"href":"https:\/\/www.pavelcernosekart.cz\/index.php\/wp-json\/wp\/v2\/pages"}],"about":[{"href":"https:\/\/www.pavelcernosekart.cz\/index.php\/wp-json\/wp\/v2\/types\/page"}],"author":[{"embeddable":true,"href":"https:\/\/www.pavelcernosekart.cz\/index.php\/wp-json\/wp\/v2\/users\/1"}],"replies":[{"embeddable":true,"href":"https:\/\/www.pavelcernosekart.cz\/index.php\/wp-json\/wp\/v2\/comments?post=190"}],"version-history":[{"count":5,"href":"https:\/\/www.pavelcernosekart.cz\/index.php\/wp-json\/wp\/v2\/pages\/190\/revisions"}],"predecessor-version":[{"id":224,"href":"https:\/\/www.pavelcernosekart.cz\/index.php\/wp-json\/wp\/v2\/pages\/190\/revisions\/224"}],"wp:attachment":[{"href":"https:\/\/www.pavelcernosekart.cz\/index.php\/wp-json\/wp\/v2\/media?parent=190"}],"curies":[{"name":"wp","href":"https:\/\/api.w.org\/{rel}","templated":true}]}}