{"id":188,"date":"2019-04-06T14:21:41","date_gmt":"2019-04-06T14:21:41","guid":{"rendered":"http:\/\/www.pavelcernosekart.cz\/?page_id=188"},"modified":"2019-05-10T05:55:20","modified_gmt":"2019-05-10T05:55:20","slug":"kurzy-malby","status":"publish","type":"page","link":"https:\/\/www.pavelcernosekart.cz\/index.php\/kurzy-malby\/","title":{"rendered":"kurzy malby"},"content":{"rendered":"\t\t<div data-elementor-type=\"post\" data-elementor-id=\"188\" class=\"elementor elementor-188\" data-elementor-settings=\"[]\">\n\t\t\t<div class=\"elementor-inner\">\n\t\t\t\t<div class=\"elementor-section-wrap\">\n\t\t\t\t\t\t\t<section class=\"elementor-element elementor-element-3a18fb0 elementor-section-boxed elementor-section-height-default elementor-section-height-default elementor-section elementor-top-section\" data-id=\"3a18fb0\" data-element_type=\"section\">\n\t\t\t\t\t\t<div class=\"elementor-container elementor-column-gap-default\">\n\t\t\t\t<div class=\"elementor-row\">\n\t\t\t\t<div class=\"elementor-element elementor-element-16016a6 elementor-column elementor-col-100 elementor-top-column\" data-id=\"16016a6\" data-element_type=\"column\">\n\t\t\t<div class=\"elementor-column-wrap  elementor-element-populated\">\n\t\t\t\t\t<div class=\"elementor-widget-wrap\">\n\t\t\t\t<div class=\"elementor-element elementor-element-ba2bbb0 elementor-widget elementor-widget-heading\" data-id=\"ba2bbb0\" data-element_type=\"widget\" data-widget_type=\"heading.default\">\n\t\t\t\t<div class=\"elementor-widget-container\">\n\t\t\t<h2 class=\"elementor-heading-title elementor-size-default\">Kurzy<\/h2>\t\t<\/div>\n\t\t\t\t<\/div>\n\t\t\t\t<div class=\"elementor-element elementor-element-541a98f elementor-widget elementor-widget-heading\" data-id=\"541a98f\" data-element_type=\"widget\" data-widget_type=\"heading.default\">\n\t\t\t\t<div class=\"elementor-widget-container\">\n\t\t\t<h2 class=\"elementor-heading-title elementor-size-default\"><p class=\"MsoNormal\"><strong><span style=\"font-size:16.0pt;line-height:107%;\nfont-family:&quot;Calibri&quot;,sans-serif;mso-ascii-theme-font:minor-latin;mso-hansi-theme-font:\nminor-latin;mso-bidi-font-family:&quot;Times New Roman&quot;;mso-bidi-theme-font:minor-bidi\">Nab\u00edz\u00edm kurzy olejomalby pro za\u010d\u00e1te\u010dn\u00edky i m\u00edrn\u011b pokro\u010dil\u00e9, a to jak pro skupiny, tak i pro jednotlivce. M\u00edsto kon\u00e1n\u00ed B\u0159idli\u010dn\u00e1 nebo po dohod\u011b kdekoli v&nbsp;\u010cR.<o:p><\/o:p><\/span><\/strong><\/p><\/h2>\t\t<\/div>\n\t\t\t\t<\/div>\n\t\t\t\t<div class=\"elementor-element elementor-element-e2db3c8 elementor-widget elementor-widget-text-editor\" data-id=\"e2db3c8\" data-element_type=\"widget\" data-widget_type=\"text-editor.default\">\n\t\t\t\t<div class=\"elementor-widget-container\">\n\t\t\t\t\t<div class=\"elementor-text-editor elementor-clearfix\"><p><span style=\"font-size: 14pt;\"><strong><i><span style=\"line-height: 107%; font-family: Calibri, sans-serif;\">Kolik osob se kurzu m\u016f\u017ee z\u00fa\u010dastnit?<\/span><\/i><\/strong><\/span><\/p><p><span style=\"font-size: 14.0pt; line-height: 107%; font-family: 'Calibri',sans-serif; mso-ascii-theme-font: minor-latin; mso-hansi-theme-font: minor-latin; mso-bidi-font-family: 'Times New Roman'; mso-bidi-theme-font: minor-bidi;\">To je r\u016fzn\u00e9, ale maxim\u00e1ln\u00ed po\u010det je 8 lid\u00ed, abych se mohl ka\u017ed\u00e9mu z \u00fa\u010dastn\u00edk\u016f dostate\u010dn\u011b v\u011bnovat. <\/span><\/p><p><span style=\"font-size: 14pt;\"><strong><i><span style=\"line-height: 107%; font-family: Calibri, sans-serif;\">Co v\u0161e si mus\u00edm na kurz zajistit?<\/span><\/i><\/strong><\/span><\/p><p><span style=\"font-size: 14.0pt; line-height: 107%; font-family: 'Calibri',sans-serif; mso-ascii-theme-font: minor-latin; mso-hansi-theme-font: minor-latin; mso-bidi-font-family: 'Times New Roman'; mso-bidi-theme-font: minor-bidi;\">Ve\u0161ker\u00fd materi\u00e1l, kter\u00fd je pro kurz pot\u0159eba, jsem schopen zajistit (pl\u00e1tna, barvy, \u0159edidlo, \u0161t\u011btce, stojany). M\u016f\u017eete ale pou\u017e\u00edt i vlastn\u00ed v\u011bci. To z\u00e1le\u017e\u00ed na dohod\u011b.<\/span><\/p><p><strong><i><span style=\"font-size: 14.0pt; line-height: 107%; font-family: 'Calibri',sans-serif; mso-ascii-theme-font: minor-latin; mso-hansi-theme-font: minor-latin; mso-bidi-font-family: 'Times New Roman'; mso-bidi-theme-font: minor-bidi;\">K<\/span><\/i><i><\/i><i><span style=\"font-size: 14pt; line-height: 19.9733px; font-family: Calibri, sans-serif;\">de v\u0161ude jste schopen v\u00e9st kurz?\u00a0<\/span><\/i><\/strong><\/p><p><span style=\"font-size: 14.0pt; line-height: 107%; font-family: 'Calibri',sans-serif; mso-ascii-theme-font: minor-latin; mso-hansi-theme-font: minor-latin; mso-bidi-font-family: 'Times New Roman'; mso-bidi-theme-font: minor-bidi;\">Kurz se m\u016f\u017ee konat vlastn\u011b kdekoli. Jen je pot\u0159eba sehnat na V\u00e1mi zvolen\u00e9m m\u00edst\u011b vhodn\u00e9 prostory. P\u0159edev\u0161\u00edm dob\u0159e osv\u011btlen\u00e1 m\u00edstnost s\u00a0mo\u017enost\u00ed v\u011btr\u00e1n\u00ed. V\u00a0minulosti jsem vedl kurzy nap\u0159\u00edklad ve\u00a0\u0161koln\u00ed t\u0159\u00edd\u011b, klubovn\u011b, mal\u00e9m hospodsk\u00e9m s\u00e1le, pod venkovn\u00edm p\u0159\u00edst\u0159e\u0161kem \u010di t\u011blocvi\u010dn\u011b.<\/span><\/p><p><span style=\"font-size: 14pt;\"><strong><i><span style=\"line-height: 107%; font-family: Calibri, sans-serif;\">Jak dlouh\u00fd kurz je a jak prob\u00edh\u00e1?<\/span><\/i><\/strong><\/span><\/p><p><span style=\"font-size: 14.0pt; line-height: 107%; font-family: 'Calibri',sans-serif; mso-ascii-theme-font: minor-latin; mso-hansi-theme-font: minor-latin; mso-bidi-font-family: 'Times New Roman'; mso-bidi-theme-font: minor-bidi;\">Kurz je zpravidla dvoudenn\u00ed (v\u00edkend), ka\u017ed\u00fd den absolvujete cca 6 \u2013 8 hodin v\u00fduky. Za\u010d\u00e1tek kolem 9 hodiny. V\u00a0poledne p\u0159est\u00e1vka na ob\u011bd. D\u00e9lka kurzu se d\u00e1 po dohod\u011b upravit. Na kurzu budete sezn\u00e1meni s\u00a0materi\u00e1ly, technikou a postupy olejomalby, kter\u00e9 pou\u017e\u00edv\u00e1m. Budeme v\u0161ichni malovat stejn\u00fd nebo velice podobn\u00fd n\u00e1m\u011bt. \u00a0Na za\u010d\u00e1tku V\u00e1s v\u00a0kr\u00e1tkosti sezn\u00e1m\u00edm s\u00a0teori\u00ed. N\u00e1sledovat bude samotn\u00e1 tvorba. Ka\u017ed\u00fd krok malby budu n\u00e1zorn\u011b p\u0159edv\u00e1d\u011bt na m\u00e9m pl\u00e1tn\u011b a vy budete v\u0161e reprodukovat na sv\u00e9 pl\u00e1tno. B\u011bhem tvorby V\u00e1m budu n\u00e1pomocen a pomohu s\u00a0\u0159e\u0161en\u00edm vznikl\u00fdch probl\u00e9m\u016f! Na konci kurzu by m\u011bl m\u00edt ka\u017ed\u00fd \u00fa\u010dastn\u00edk z\u00a0v\u011bt\u0161\u00ed \u010d\u00e1sti hotov sv\u016fj obraz.<\/span><\/p><p><span style=\"font-size: 16pt; line-height: 107%; font-family: Calibri, sans-serif;\"><b>Na v\u0161echny dotazy ohledn\u011b uspo\u0159\u00e1d\u00e1n\u00ed kurzu kdykoli odpov\u00edm.<\/b><\/span><\/p><p><span style=\"font-size: 16pt; line-height: 107%; font-family: Calibri, sans-serif;\"><b>Kontaktovat mne m\u016f\u017eete pomoc\u00ed formul\u00e1\u0159e n\u00ed\u017ee.<\/b><\/span><\/p><p><div role=\"form\" class=\"wpcf7\" id=\"wpcf7-f221-o1\" lang=\"cs-CZ\" dir=\"ltr\">\n<div class=\"screen-reader-response\"><\/div>\n<form action=\"\/index.php\/wp-json\/wp\/v2\/pages\/188#wpcf7-f221-o1\" method=\"post\" class=\"wpcf7-form\" novalidate=\"novalidate\">\n<div style=\"display: none;\">\n<input type=\"hidden\" name=\"_wpcf7\" value=\"221\" \/>\n<input type=\"hidden\" name=\"_wpcf7_version\" value=\"5.1.1\" \/>\n<input type=\"hidden\" name=\"_wpcf7_locale\" value=\"cs_CZ\" \/>\n<input type=\"hidden\" name=\"_wpcf7_unit_tag\" value=\"wpcf7-f221-o1\" \/>\n<input type=\"hidden\" name=\"_wpcf7_container_post\" value=\"0\" \/>\n<input type=\"hidden\" name=\"g-recaptcha-response\" value=\"\" \/>\n<\/div>\n<p><label> Va\u0161e jm\u00e9no (vy\u017eadov\u00e1no)<br \/>\n    <span class=\"wpcf7-form-control-wrap your-name\"><input type=\"text\" name=\"your-name\" value=\"\" size=\"40\" class=\"wpcf7-form-control wpcf7-text wpcf7-validates-as-required\" aria-required=\"true\" aria-invalid=\"false\" \/><\/span> <\/label><\/p>\n<p><label> V\u00e1\u0161 e-mail (vy\u017eadov\u00e1no)<br \/>\n    <span class=\"wpcf7-form-control-wrap your-email\"><input type=\"email\" name=\"your-email\" value=\"\" size=\"40\" class=\"wpcf7-form-control wpcf7-text wpcf7-email wpcf7-validates-as-required wpcf7-validates-as-email\" aria-required=\"true\" aria-invalid=\"false\" \/><\/span> <\/label><\/p>\n<p><label> P\u0159edm\u011bt<br \/>\n    <span class=\"wpcf7-form-control-wrap your-subject\"><input type=\"text\" name=\"your-subject\" value=\"\" size=\"40\" class=\"wpcf7-form-control wpcf7-text\" aria-invalid=\"false\" \/><\/span> <\/label><\/p>\n<p><label> Va\u0161e zpr\u00e1va<br \/>\n    <span class=\"wpcf7-form-control-wrap your-message\"><textarea name=\"your-message\" cols=\"40\" rows=\"10\" class=\"wpcf7-form-control wpcf7-textarea\" aria-invalid=\"false\"><\/textarea><\/span> <\/label><\/p>\n<p><input type=\"submit\" value=\"Odeslat\" class=\"wpcf7-form-control wpcf7-submit\" \/><\/p>\n<p style=\"display: none !important;\" class=\"akismet-fields-container\" data-prefix=\"_wpcf7_ak_\"><label>&#916;<textarea name=\"_wpcf7_ak_hp_textarea\" cols=\"45\" rows=\"8\" maxlength=\"100\"><\/textarea><\/label><input type=\"hidden\" id=\"ak_js_1\" name=\"_wpcf7_ak_js\" value=\"130\"\/><script type=\"text\/javascript\">\n\/* <![CDATA[ *\/\ndocument.getElementById( \"ak_js_1\" ).setAttribute( \"value\", ( new Date() ).getTime() );\n\/* ]]> *\/\n<\/script>\n<\/p><div class=\"wpcf7-response-output wpcf7-display-none\"><\/div><\/form><\/div><\/p><\/div>\n\t\t\t\t<\/div>\n\t\t\t\t<\/div>\n\t\t\t\t\t\t<\/div>\n\t\t\t<\/div>\n\t\t<\/div>\n\t\t\t\t\t\t<\/div>\n\t\t\t<\/div>\n\t\t<\/section>\n\t\t\t\t<section class=\"elementor-element elementor-element-d2173e8 elementor-section-boxed elementor-section-height-default elementor-section-height-default elementor-section elementor-top-section\" data-id=\"d2173e8\" data-element_type=\"section\">\n\t\t\t\t\t\t<div class=\"elementor-container elementor-column-gap-default\">\n\t\t\t\t<div class=\"elementor-row\">\n\t\t\t\t<div class=\"elementor-element elementor-element-a1fdb5e elementor-column elementor-col-100 elementor-top-column\" data-id=\"a1fdb5e\" data-element_type=\"column\">\n\t\t\t<div class=\"elementor-column-wrap  elementor-element-populated\">\n\t\t\t\t\t<div class=\"elementor-widget-wrap\">\n\t\t\t\t<div class=\"elementor-element elementor-element-906821c elementor-widget elementor-widget-image-carousel\" data-id=\"906821c\" data-element_type=\"widget\" data-settings=\"{&quot;navigation&quot;:&quot;both&quot;,&quot;pause_on_hover&quot;:&quot;yes&quot;,&quot;autoplay&quot;:&quot;yes&quot;,&quot;autoplay_speed&quot;:5000,&quot;infinite&quot;:&quot;yes&quot;,&quot;speed&quot;:500,&quot;direction&quot;:&quot;ltr&quot;}\" data-widget_type=\"image-carousel.default\">\n\t\t\t\t<div class=\"elementor-widget-container\">\n\t\t\t\t\t<div class=\"elementor-image-carousel-wrapper elementor-slick-slider\" dir=\"ltr\">\n\t\t\t<div class=\"elementor-image-carousel slick-arrows-inside slick-dots-outside\">\n\t\t\t\t<div class=\"slick-slide\"><figure class=\"slick-slide-inner\"><img decoding=\"async\" class=\"slick-slide-image\" src=\"https:\/\/www.pavelcernosekart.cz\/wp-content\/uploads\/2019\/05\/20181021_143109-300x225.jpg\" alt=\"20181021_143109\" \/><\/figure><\/div><div class=\"slick-slide\"><figure class=\"slick-slide-inner\"><img decoding=\"async\" class=\"slick-slide-image\" src=\"https:\/\/www.pavelcernosekart.cz\/wp-content\/uploads\/2019\/05\/IMG_20190303_120914-252x300.jpg\" alt=\"dav\" \/><\/figure><\/div><div class=\"slick-slide\"><figure class=\"slick-slide-inner\"><img decoding=\"async\" class=\"slick-slide-image\" src=\"https:\/\/www.pavelcernosekart.cz\/wp-content\/uploads\/2019\/05\/IMG_20190302_115018-225x300.jpg\" alt=\"dav\" \/><\/figure><\/div><div class=\"slick-slide\"><figure class=\"slick-slide-inner\"><img decoding=\"async\" class=\"slick-slide-image\" src=\"https:\/\/www.pavelcernosekart.cz\/wp-content\/uploads\/2019\/05\/IMG_20190302_115001-225x300.jpg\" alt=\"dav\" \/><\/figure><\/div><div class=\"slick-slide\"><figure class=\"slick-slide-inner\"><img decoding=\"async\" class=\"slick-slide-image\" src=\"https:\/\/www.pavelcernosekart.cz\/wp-content\/uploads\/2019\/05\/20181021_143134-300x300.jpg\" alt=\"20181021_143134\" \/><\/figure><\/div>\t\t\t<\/div>\n\t\t<\/div>\n\t\t\t\t<\/div>\n\t\t\t\t<\/div>\n\t\t\t\t\t\t<\/div>\n\t\t\t<\/div>\n\t\t<\/div>\n\t\t\t\t\t\t<\/div>\n\t\t\t<\/div>\n\t\t<\/section>\n\t\t\t\t\t\t<\/div>\n\t\t\t<\/div>\n\t\t<\/div>\n\t\t","protected":false},"excerpt":{"rendered":"<p>Kurzy Nab\u00edz\u00edm kurzy olejomalby pro za\u010d\u00e1te\u010dn\u00edky i m\u00edrn\u011b pokro\u010dil\u00e9, a to jak pro skupiny, tak i pro jednotlivce. M\u00edsto kon\u00e1n\u00ed B\u0159idli\u010dn\u00e1 nebo po dohod\u011b kdekoli v&nbsp;\u010cR. Kolik osob se kurzu m\u016f\u017ee z\u00fa\u010dastnit? To je r\u016fzn\u00e9, ale maxim\u00e1ln\u00ed po\u010det je 8 lid\u00ed, abych se mohl ka\u017ed\u00e9mu z \u00fa\u010dastn\u00edk\u016f dostate\u010dn\u011b v\u011bnovat. Co v\u0161e si mus\u00edm na kurz [&hellip;]<\/p>\n","protected":false},"author":1,"featured_media":0,"parent":0,"menu_order":0,"comment_status":"closed","ping_status":"closed","template":"elementor_header_footer","meta":{"footnotes":""},"class_list":["post-188","page","type-page","status-publish","hentry"],"_links":{"self":[{"href":"https:\/\/www.pavelcernosekart.cz\/index.php\/wp-json\/wp\/v2\/pages\/188","targetHints":{"allow":["GET"]}}],"collection":[{"href":"https:\/\/www.pavelcernosekart.cz\/index.php\/wp-json\/wp\/v2\/pages"}],"about":[{"href":"https:\/\/www.pavelcernosekart.cz\/index.php\/wp-json\/wp\/v2\/types\/page"}],"author":[{"embeddable":true,"href":"https:\/\/www.pavelcernosekart.cz\/index.php\/wp-json\/wp\/v2\/users\/1"}],"replies":[{"embeddable":true,"href":"https:\/\/www.pavelcernosekart.cz\/index.php\/wp-json\/wp\/v2\/comments?post=188"}],"version-history":[{"count":4,"href":"https:\/\/www.pavelcernosekart.cz\/index.php\/wp-json\/wp\/v2\/pages\/188\/revisions"}],"predecessor-version":[{"id":300,"href":"https:\/\/www.pavelcernosekart.cz\/index.php\/wp-json\/wp\/v2\/pages\/188\/revisions\/300"}],"wp:attachment":[{"href":"https:\/\/www.pavelcernosekart.cz\/index.php\/wp-json\/wp\/v2\/media?parent=188"}],"curies":[{"name":"wp","href":"https:\/\/api.w.org\/{rel}","templated":true}]}}