{"id":186,"date":"2019-04-06T14:21:26","date_gmt":"2019-04-06T14:21:26","guid":{"rendered":"http:\/\/www.pavelcernosekart.cz\/?page_id=186"},"modified":"2019-05-21T05:28:23","modified_gmt":"2019-05-21T05:28:23","slug":"obrazy","status":"publish","type":"page","link":"https:\/\/www.pavelcernosekart.cz\/index.php\/obrazy\/","title":{"rendered":"portfolio"},"content":{"rendered":"\t\t<div data-elementor-type=\"post\" data-elementor-id=\"186\" class=\"elementor elementor-186\" data-elementor-settings=\"[]\">\n\t\t\t<div class=\"elementor-inner\">\n\t\t\t\t<div class=\"elementor-section-wrap\">\n\t\t\t\t\t\t\t<section class=\"elementor-element elementor-element-dc6a698 elementor-section-boxed elementor-section-height-default elementor-section-height-default elementor-section elementor-top-section\" data-id=\"dc6a698\" data-element_type=\"section\">\n\t\t\t\t\t\t<div class=\"elementor-container elementor-column-gap-default\">\n\t\t\t\t<div class=\"elementor-row\">\n\t\t\t\t<div class=\"elementor-element elementor-element-ef32d87 elementor-column elementor-col-100 elementor-top-column\" data-id=\"ef32d87\" data-element_type=\"column\">\n\t\t\t<div class=\"elementor-column-wrap  elementor-element-populated\">\n\t\t\t\t\t<div class=\"elementor-widget-wrap\">\n\t\t\t\t<section class=\"elementor-element elementor-element-90ab355 elementor-section-boxed elementor-section-height-default elementor-section-height-default elementor-section elementor-inner-section\" data-id=\"90ab355\" data-element_type=\"section\">\n\t\t\t\t\t\t<div class=\"elementor-container elementor-column-gap-default\">\n\t\t\t\t<div class=\"elementor-row\">\n\t\t\t\t<div class=\"elementor-element elementor-element-106fd56 elementor-column elementor-col-50 elementor-inner-column\" data-id=\"106fd56\" data-element_type=\"column\">\n\t\t\t<div class=\"elementor-column-wrap  elementor-element-populated\">\n\t\t\t\t\t<div class=\"elementor-widget-wrap\">\n\t\t\t\t<div class=\"elementor-element elementor-element-5f5dd57 elementor-widget elementor-widget-image\" data-id=\"5f5dd57\" data-element_type=\"widget\" data-widget_type=\"image.default\">\n\t\t\t\t<div class=\"elementor-widget-container\">\n\t\t\t\t\t<div class=\"elementor-image\">\n\t\t\t\t\t\t\t\t\t\t\t<a href=\"http:\/\/www.pavelcernosekart.cz\/index.php\/krajina\/\" data-elementor-open-lightbox=\"\">\n\t\t\t\t\t\t\t<img loading=\"lazy\" decoding=\"async\" width=\"300\" height=\"271\" src=\"https:\/\/www.pavelcernosekart.cz\/wp-content\/uploads\/2019\/04\/ram_krajina-300x271.jpg\" class=\"attachment-medium size-medium\" alt=\"\" srcset=\"https:\/\/www.pavelcernosekart.cz\/wp-content\/uploads\/2019\/04\/ram_krajina-300x271.jpg 300w, https:\/\/www.pavelcernosekart.cz\/wp-content\/uploads\/2019\/04\/ram_krajina-768x694.jpg 768w, https:\/\/www.pavelcernosekart.cz\/wp-content\/uploads\/2019\/04\/ram_krajina-1024x926.jpg 1024w, https:\/\/www.pavelcernosekart.cz\/wp-content\/uploads\/2019\/04\/ram_krajina-480x434.jpg 480w, https:\/\/www.pavelcernosekart.cz\/wp-content\/uploads\/2019\/04\/ram_krajina-830x750.jpg 830w, https:\/\/www.pavelcernosekart.cz\/wp-content\/uploads\/2019\/04\/ram_krajina-230x208.jpg 230w, https:\/\/www.pavelcernosekart.cz\/wp-content\/uploads\/2019\/04\/ram_krajina-350x316.jpg 350w, https:\/\/www.pavelcernosekart.cz\/wp-content\/uploads\/2019\/04\/ram_krajina.jpg 1200w\" sizes=\"auto, (max-width: 300px) 100vw, 300px\" \/>\t\t\t\t\t\t\t\t<\/a>\n\t\t\t\t\t\t\t\t\t\t\t<\/div>\n\t\t\t\t<\/div>\n\t\t\t\t<\/div>\n\t\t\t\t\t\t<\/div>\n\t\t\t<\/div>\n\t\t<\/div>\n\t\t\t\t<div class=\"elementor-element elementor-element-f038eae elementor-column elementor-col-50 elementor-inner-column\" data-id=\"f038eae\" data-element_type=\"column\">\n\t\t\t<div class=\"elementor-column-wrap  elementor-element-populated\">\n\t\t\t\t\t<div class=\"elementor-widget-wrap\">\n\t\t\t\t<div class=\"elementor-element elementor-element-a3b3213 elementor-widget elementor-widget-heading\" data-id=\"a3b3213\" data-element_type=\"widget\" data-widget_type=\"heading.default\">\n\t\t\t\t<div class=\"elementor-widget-container\">\n\t\t\t<h2 class=\"elementor-heading-title elementor-size-default\">Krajina<\/h2>\t\t<\/div>\n\t\t\t\t<\/div>\n\t\t\t\t<div class=\"elementor-element elementor-element-07da290 elementor-widget elementor-widget-text-editor\" data-id=\"07da290\" data-element_type=\"widget\" data-widget_type=\"text-editor.default\">\n\t\t\t\t<div class=\"elementor-widget-container\">\n\t\t\t\t\t<div class=\"elementor-text-editor elementor-clearfix\"><p>Pova\u017euji se hlavn\u011b za krajin\u00e1\u0159e, a pr\u00e1v\u011b proto je krajina nejv\u00edce zastoupena na m\u00fdch obrazech. Miluji tu hru barev, sv\u011btel a tvar\u016f, kterou m\u016f\u017ee \u010dlov\u011bk ka\u017ed\u00fd den v p\u0159\u00edrod\u011b pozorovat. Nen\u00ed cesty, kdy bych nezastavil auto, nevystoupil, a nepo\u0159izoval sn\u00edmky n\u011b\u010deho, co m\u011b v krajin\u011b b\u011bhem cesty zaujalo. Fotek m\u00e1m tis\u00edce, ale jen zlomek z nich nakonec namaluji.<\/p><\/div>\n\t\t\t\t<\/div>\n\t\t\t\t<\/div>\n\t\t\t\t\t\t<\/div>\n\t\t\t<\/div>\n\t\t<\/div>\n\t\t\t\t\t\t<\/div>\n\t\t\t<\/div>\n\t\t<\/section>\n\t\t\t\t\t\t<\/div>\n\t\t\t<\/div>\n\t\t<\/div>\n\t\t\t\t\t\t<\/div>\n\t\t\t<\/div>\n\t\t<\/section>\n\t\t\t\t<section class=\"elementor-element elementor-element-776e82e elementor-section-boxed elementor-section-height-default elementor-section-height-default elementor-section elementor-top-section\" data-id=\"776e82e\" data-element_type=\"section\">\n\t\t\t\t\t\t<div class=\"elementor-container elementor-column-gap-default\">\n\t\t\t\t<div class=\"elementor-row\">\n\t\t\t\t<div class=\"elementor-element elementor-element-ad44bcf elementor-column elementor-col-100 elementor-top-column\" data-id=\"ad44bcf\" data-element_type=\"column\">\n\t\t\t<div class=\"elementor-column-wrap  elementor-element-populated\">\n\t\t\t\t\t<div class=\"elementor-widget-wrap\">\n\t\t\t\t<section class=\"elementor-element elementor-element-aa6cc04 elementor-section-boxed elementor-section-height-default elementor-section-height-default elementor-section elementor-inner-section\" data-id=\"aa6cc04\" data-element_type=\"section\">\n\t\t\t\t\t\t<div class=\"elementor-container elementor-column-gap-default\">\n\t\t\t\t<div class=\"elementor-row\">\n\t\t\t\t<div class=\"elementor-element elementor-element-05f6426 elementor-column elementor-col-50 elementor-inner-column\" data-id=\"05f6426\" data-element_type=\"column\">\n\t\t\t<div class=\"elementor-column-wrap  elementor-element-populated\">\n\t\t\t\t\t<div class=\"elementor-widget-wrap\">\n\t\t\t\t<div class=\"elementor-element elementor-element-bd4168f elementor-widget elementor-widget-image\" data-id=\"bd4168f\" data-element_type=\"widget\" data-widget_type=\"image.default\">\n\t\t\t\t<div class=\"elementor-widget-container\">\n\t\t\t\t\t<div class=\"elementor-image\">\n\t\t\t\t\t\t\t\t\t\t\t<a href=\"http:\/\/www.pavelcernosekart.cz\/index.php\/zatisi\/\" data-elementor-open-lightbox=\"\">\n\t\t\t\t\t\t\t<img loading=\"lazy\" decoding=\"async\" width=\"300\" height=\"271\" src=\"https:\/\/www.pavelcernosekart.cz\/wp-content\/uploads\/2019\/04\/ram_zatisi-300x271.jpg\" class=\"attachment-medium size-medium\" alt=\"\" srcset=\"https:\/\/www.pavelcernosekart.cz\/wp-content\/uploads\/2019\/04\/ram_zatisi-300x271.jpg 300w, https:\/\/www.pavelcernosekart.cz\/wp-content\/uploads\/2019\/04\/ram_zatisi-768x694.jpg 768w, https:\/\/www.pavelcernosekart.cz\/wp-content\/uploads\/2019\/04\/ram_zatisi-1024x926.jpg 1024w, https:\/\/www.pavelcernosekart.cz\/wp-content\/uploads\/2019\/04\/ram_zatisi-480x434.jpg 480w, https:\/\/www.pavelcernosekart.cz\/wp-content\/uploads\/2019\/04\/ram_zatisi-830x750.jpg 830w, https:\/\/www.pavelcernosekart.cz\/wp-content\/uploads\/2019\/04\/ram_zatisi-230x208.jpg 230w, https:\/\/www.pavelcernosekart.cz\/wp-content\/uploads\/2019\/04\/ram_zatisi-350x316.jpg 350w, https:\/\/www.pavelcernosekart.cz\/wp-content\/uploads\/2019\/04\/ram_zatisi.jpg 1200w\" sizes=\"auto, (max-width: 300px) 100vw, 300px\" \/>\t\t\t\t\t\t\t\t<\/a>\n\t\t\t\t\t\t\t\t\t\t\t<\/div>\n\t\t\t\t<\/div>\n\t\t\t\t<\/div>\n\t\t\t\t\t\t<\/div>\n\t\t\t<\/div>\n\t\t<\/div>\n\t\t\t\t<div class=\"elementor-element elementor-element-c06cacb elementor-column elementor-col-50 elementor-inner-column\" data-id=\"c06cacb\" data-element_type=\"column\">\n\t\t\t<div class=\"elementor-column-wrap  elementor-element-populated\">\n\t\t\t\t\t<div class=\"elementor-widget-wrap\">\n\t\t\t\t<div class=\"elementor-element elementor-element-b62743e elementor-widget elementor-widget-heading\" data-id=\"b62743e\" data-element_type=\"widget\" data-widget_type=\"heading.default\">\n\t\t\t\t<div class=\"elementor-widget-container\">\n\t\t\t<h2 class=\"elementor-heading-title elementor-size-default\">Z\u00e1ti\u0161\u00ed<\/h2>\t\t<\/div>\n\t\t\t\t<\/div>\n\t\t\t\t<div class=\"elementor-element elementor-element-62b5ac8 elementor-widget elementor-widget-text-editor\" data-id=\"62b5ac8\" data-element_type=\"widget\" data-widget_type=\"text-editor.default\">\n\t\t\t\t<div class=\"elementor-widget-container\">\n\t\t\t\t\t<div class=\"elementor-text-editor elementor-clearfix\"><p>Dal\u0161\u00ed velkou skupinu v m\u00e9m d\u00edle zab\u00edr\u00e1 z\u00e1ti\u0161\u00ed. St\u00e1le pokukuji co by se dalo namalovat. Nejrad\u011bji nakukuji do v\u00fdkladn\u00edch sk\u0159\u00edn\u00ed zastav\u00e1ren nebo staro\u017eitnictv\u00ed. Jsem \u0161\u0165astn\u00fd, kdy\u017e uvid\u00edm starou v\u00e1zu, k\u00e1voml\u00fdnek, hmo\u017ed\u00ed\u0159 nebo nap\u0159\u00edklad porcel\u00e1n a hned si p\u0159edstavuji, co bych vedle t\u011bchto poklad\u016f mohl zv\u011b\u010dnit na pl\u00e1tn\u011b.\u00a0<\/p><\/div>\n\t\t\t\t<\/div>\n\t\t\t\t<\/div>\n\t\t\t\t\t\t<\/div>\n\t\t\t<\/div>\n\t\t<\/div>\n\t\t\t\t\t\t<\/div>\n\t\t\t<\/div>\n\t\t<\/section>\n\t\t\t\t\t\t<\/div>\n\t\t\t<\/div>\n\t\t<\/div>\n\t\t\t\t\t\t<\/div>\n\t\t\t<\/div>\n\t\t<\/section>\n\t\t\t\t<section class=\"elementor-element elementor-element-d5a7dad elementor-section-boxed elementor-section-height-default elementor-section-height-default elementor-section elementor-top-section\" data-id=\"d5a7dad\" data-element_type=\"section\">\n\t\t\t\t\t\t<div class=\"elementor-container elementor-column-gap-default\">\n\t\t\t\t<div class=\"elementor-row\">\n\t\t\t\t<div class=\"elementor-element elementor-element-a26a338 elementor-column elementor-col-100 elementor-top-column\" data-id=\"a26a338\" data-element_type=\"column\">\n\t\t\t<div class=\"elementor-column-wrap  elementor-element-populated\">\n\t\t\t\t\t<div class=\"elementor-widget-wrap\">\n\t\t\t\t<section class=\"elementor-element elementor-element-b7950f8 elementor-section-boxed elementor-section-height-default elementor-section-height-default elementor-section elementor-inner-section\" data-id=\"b7950f8\" data-element_type=\"section\">\n\t\t\t\t\t\t<div class=\"elementor-container elementor-column-gap-default\">\n\t\t\t\t<div class=\"elementor-row\">\n\t\t\t\t<div class=\"elementor-element elementor-element-2fd117d elementor-column elementor-col-50 elementor-inner-column\" data-id=\"2fd117d\" data-element_type=\"column\">\n\t\t\t<div class=\"elementor-column-wrap  elementor-element-populated\">\n\t\t\t\t\t<div class=\"elementor-widget-wrap\">\n\t\t\t\t<div class=\"elementor-element elementor-element-bf4eca2 elementor-widget elementor-widget-image\" data-id=\"bf4eca2\" data-element_type=\"widget\" data-widget_type=\"image.default\">\n\t\t\t\t<div class=\"elementor-widget-container\">\n\t\t\t\t\t<div class=\"elementor-image\">\n\t\t\t\t\t\t\t\t\t\t\t<a href=\"http:\/\/www.pavelcernosekart.cz\/index.php\/jine\/\" data-elementor-open-lightbox=\"\">\n\t\t\t\t\t\t\t<img loading=\"lazy\" decoding=\"async\" width=\"300\" height=\"271\" src=\"https:\/\/www.pavelcernosekart.cz\/wp-content\/uploads\/2019\/04\/ram_ruzne2-300x271.jpg\" class=\"attachment-medium size-medium\" alt=\"\" srcset=\"https:\/\/www.pavelcernosekart.cz\/wp-content\/uploads\/2019\/04\/ram_ruzne2-300x271.jpg 300w, https:\/\/www.pavelcernosekart.cz\/wp-content\/uploads\/2019\/04\/ram_ruzne2-768x694.jpg 768w, https:\/\/www.pavelcernosekart.cz\/wp-content\/uploads\/2019\/04\/ram_ruzne2-1024x926.jpg 1024w, https:\/\/www.pavelcernosekart.cz\/wp-content\/uploads\/2019\/04\/ram_ruzne2-480x434.jpg 480w, https:\/\/www.pavelcernosekart.cz\/wp-content\/uploads\/2019\/04\/ram_ruzne2-830x750.jpg 830w, https:\/\/www.pavelcernosekart.cz\/wp-content\/uploads\/2019\/04\/ram_ruzne2-230x208.jpg 230w, https:\/\/www.pavelcernosekart.cz\/wp-content\/uploads\/2019\/04\/ram_ruzne2-350x316.jpg 350w, https:\/\/www.pavelcernosekart.cz\/wp-content\/uploads\/2019\/04\/ram_ruzne2.jpg 1200w\" sizes=\"auto, (max-width: 300px) 100vw, 300px\" \/>\t\t\t\t\t\t\t\t<\/a>\n\t\t\t\t\t\t\t\t\t\t\t<\/div>\n\t\t\t\t<\/div>\n\t\t\t\t<\/div>\n\t\t\t\t\t\t<\/div>\n\t\t\t<\/div>\n\t\t<\/div>\n\t\t\t\t<div class=\"elementor-element elementor-element-82b3b1b elementor-column elementor-col-50 elementor-inner-column\" data-id=\"82b3b1b\" data-element_type=\"column\">\n\t\t\t<div class=\"elementor-column-wrap  elementor-element-populated\">\n\t\t\t\t\t<div class=\"elementor-widget-wrap\">\n\t\t\t\t<div class=\"elementor-element elementor-element-3799d44 elementor-widget elementor-widget-heading\" data-id=\"3799d44\" data-element_type=\"widget\" data-widget_type=\"heading.default\">\n\t\t\t\t<div class=\"elementor-widget-container\">\n\t\t\t<h2 class=\"elementor-heading-title elementor-size-default\">Ostatn\u00ed<\/h2>\t\t<\/div>\n\t\t\t\t<\/div>\n\t\t\t\t<div class=\"elementor-element elementor-element-a04358b elementor-widget elementor-widget-text-editor\" data-id=\"a04358b\" data-element_type=\"widget\" data-widget_type=\"text-editor.default\">\n\t\t\t\t<div class=\"elementor-widget-container\">\n\t\t\t\t\t<div class=\"elementor-text-editor elementor-clearfix\"><p>A proto\u017ee mus\u00edm ob\u010das uniknout z krajinomalby \u010di malby z\u00e1ti\u0161\u00ed, r\u00e1d si vyzkou\u0161\u00edm i malby star\u00fdch mistr\u016f, m\u011bstsk\u00e9 scen\u00e9rie nebo portr\u00e9t. V t\u00e9to galerii naleznete i obrazy, kter\u00e9 jsem maloval na zak\u00e1zku, a pr\u00e1v\u011b kopie star\u00fdch mistr\u016f a nejv\u00edce snad kopie \u010desk\u00e9ho mal\u00ed\u0159e Jakuba Schikanedera jsou ty nej\u017e\u00e1dan\u011bj\u0161\u00ed.<\/p><\/div>\n\t\t\t\t<\/div>\n\t\t\t\t<\/div>\n\t\t\t\t\t\t<\/div>\n\t\t\t<\/div>\n\t\t<\/div>\n\t\t\t\t\t\t<\/div>\n\t\t\t<\/div>\n\t\t<\/section>\n\t\t\t\t\t\t<\/div>\n\t\t\t<\/div>\n\t\t<\/div>\n\t\t\t\t\t\t<\/div>\n\t\t\t<\/div>\n\t\t<\/section>\n\t\t\t\t\t\t<\/div>\n\t\t\t<\/div>\n\t\t<\/div>\n\t\t","protected":false},"excerpt":{"rendered":"<p>Krajina Pova\u017euji se hlavn\u011b za krajin\u00e1\u0159e, a pr\u00e1v\u011b proto je krajina nejv\u00edce zastoupena na m\u00fdch obrazech. Miluji tu hru barev, sv\u011btel a tvar\u016f, kterou m\u016f\u017ee \u010dlov\u011bk ka\u017ed\u00fd den v p\u0159\u00edrod\u011b pozorovat. Nen\u00ed cesty, kdy bych nezastavil auto, nevystoupil, a nepo\u0159izoval sn\u00edmky n\u011b\u010deho, co m\u011b v krajin\u011b b\u011bhem cesty zaujalo. Fotek m\u00e1m tis\u00edce, ale jen zlomek [&hellip;]<\/p>\n","protected":false},"author":1,"featured_media":0,"parent":0,"menu_order":0,"comment_status":"closed","ping_status":"closed","template":"elementor_header_footer","meta":{"footnotes":""},"class_list":["post-186","page","type-page","status-publish","hentry"],"_links":{"self":[{"href":"https:\/\/www.pavelcernosekart.cz\/index.php\/wp-json\/wp\/v2\/pages\/186","targetHints":{"allow":["GET"]}}],"collection":[{"href":"https:\/\/www.pavelcernosekart.cz\/index.php\/wp-json\/wp\/v2\/pages"}],"about":[{"href":"https:\/\/www.pavelcernosekart.cz\/index.php\/wp-json\/wp\/v2\/types\/page"}],"author":[{"embeddable":true,"href":"https:\/\/www.pavelcernosekart.cz\/index.php\/wp-json\/wp\/v2\/users\/1"}],"replies":[{"embeddable":true,"href":"https:\/\/www.pavelcernosekart.cz\/index.php\/wp-json\/wp\/v2\/comments?post=186"}],"version-history":[{"count":17,"href":"https:\/\/www.pavelcernosekart.cz\/index.php\/wp-json\/wp\/v2\/pages\/186\/revisions"}],"predecessor-version":[{"id":388,"href":"https:\/\/www.pavelcernosekart.cz\/index.php\/wp-json\/wp\/v2\/pages\/186\/revisions\/388"}],"wp:attachment":[{"href":"https:\/\/www.pavelcernosekart.cz\/index.php\/wp-json\/wp\/v2\/media?parent=186"}],"curies":[{"name":"wp","href":"https:\/\/api.w.org\/{rel}","templated":true}]}}