{"id":184,"date":"2025-09-05T05:04:15","date_gmt":"2025-09-05T05:04:15","guid":{"rendered":"http:\/\/www.pavelcernosekart.cz\/?page_id=184"},"modified":"2026-01-13T07:02:55","modified_gmt":"2026-01-13T07:02:55","slug":"nabidka-obrazu","status":"publish","type":"page","link":"https:\/\/www.pavelcernosekart.cz\/index.php\/nabidka-obrazu\/","title":{"rendered":"nab\u00eddka obraz\u016f"},"content":{"rendered":"\t\t<div data-elementor-type=\"post\" data-elementor-id=\"184\" class=\"elementor elementor-184\" data-elementor-settings=\"[]\">\n\t\t\t<div class=\"elementor-inner\">\n\t\t\t\t<div class=\"elementor-section-wrap\">\n\t\t\t\t\t\t\t<section class=\"elementor-element elementor-element-d430ebe elementor-section-boxed elementor-section-height-default elementor-section-height-default elementor-section elementor-top-section\" data-id=\"d430ebe\" data-element_type=\"section\">\n\t\t\t\t\t\t<div class=\"elementor-container elementor-column-gap-default\">\n\t\t\t\t<div class=\"elementor-row\">\n\t\t\t\t<div class=\"elementor-element elementor-element-0824542 elementor-column elementor-col-100 elementor-top-column\" data-id=\"0824542\" data-element_type=\"column\">\n\t\t\t<div class=\"elementor-column-wrap  elementor-element-populated\">\n\t\t\t\t\t<div class=\"elementor-widget-wrap\">\n\t\t\t\t<div class=\"elementor-element elementor-element-bac1d6c elementor-widget elementor-widget-heading\" data-id=\"bac1d6c\" data-element_type=\"widget\" data-widget_type=\"heading.default\">\n\t\t\t\t<div class=\"elementor-widget-container\">\n\t\t\t<h2 class=\"elementor-heading-title elementor-size-default\">Nab\u00eddka moment\u00e1ln\u011b dostupn\u00fdch obraz\u016f.<\/h2>\t\t<\/div>\n\t\t\t\t<\/div>\n\t\t\t\t<div class=\"elementor-element elementor-element-808688c elementor-widget elementor-widget-text-editor\" data-id=\"808688c\" data-element_type=\"widget\" data-widget_type=\"text-editor.default\">\n\t\t\t\t<div class=\"elementor-widget-container\">\n\t\t\t\t\t<div class=\"elementor-text-editor elementor-clearfix\"><p>Tato str\u00e1nka m\u011bla ukazovat v dan\u00fd \u010das dostupn\u00e9 obrazy. Bohu\u017eel jsem ji nebyl schopen pravideln\u011b a v\u010das aktualizovat, proto je moment\u00e1ln\u011b pr\u00e1zdn\u00e1.<\/p><\/div>\n\t\t\t\t<\/div>\n\t\t\t\t<\/div>\n\t\t\t\t\t\t<\/div>\n\t\t\t<\/div>\n\t\t<\/div>\n\t\t\t\t\t\t<\/div>\n\t\t\t<\/div>\n\t\t<\/section>\n\t\t\t\t\t\t<\/div>\n\t\t\t<\/div>\n\t\t<\/div>\n\t\t","protected":false},"excerpt":{"rendered":"<p>Nab\u00eddka moment\u00e1ln\u011b dostupn\u00fdch obraz\u016f. Tato str\u00e1nka m\u011bla ukazovat v dan\u00fd \u010das dostupn\u00e9 obrazy. Bohu\u017eel jsem ji nebyl schopen pravideln\u011b a v\u010das aktualizovat, proto je moment\u00e1ln\u011b pr\u00e1zdn\u00e1.<\/p>\n","protected":false},"author":1,"featured_media":0,"parent":0,"menu_order":0,"comment_status":"closed","ping_status":"closed","template":"","meta":{"footnotes":""},"class_list":["post-184","page","type-page","status-publish","hentry"],"_links":{"self":[{"href":"https:\/\/www.pavelcernosekart.cz\/index.php\/wp-json\/wp\/v2\/pages\/184","targetHints":{"allow":["GET"]}}],"collection":[{"href":"https:\/\/www.pavelcernosekart.cz\/index.php\/wp-json\/wp\/v2\/pages"}],"about":[{"href":"https:\/\/www.pavelcernosekart.cz\/index.php\/wp-json\/wp\/v2\/types\/page"}],"author":[{"embeddable":true,"href":"https:\/\/www.pavelcernosekart.cz\/index.php\/wp-json\/wp\/v2\/users\/1"}],"replies":[{"embeddable":true,"href":"https:\/\/www.pavelcernosekart.cz\/index.php\/wp-json\/wp\/v2\/comments?post=184"}],"version-history":[{"count":26,"href":"https:\/\/www.pavelcernosekart.cz\/index.php\/wp-json\/wp\/v2\/pages\/184\/revisions"}],"predecessor-version":[{"id":570,"href":"https:\/\/www.pavelcernosekart.cz\/index.php\/wp-json\/wp\/v2\/pages\/184\/revisions\/570"}],"wp:attachment":[{"href":"https:\/\/www.pavelcernosekart.cz\/index.php\/wp-json\/wp\/v2\/media?parent=184"}],"curies":[{"name":"wp","href":"https:\/\/api.w.org\/{rel}","templated":true}]}}